{"id":107,"date":"2026-02-09T09:43:42","date_gmt":"2026-02-09T09:43:42","guid":{"rendered":"https:\/\/www.dmv.rs\/?page_id=107"},"modified":"2026-04-17T07:35:18","modified_gmt":"2026-04-17T07:35:18","slug":"o-nama","status":"publish","type":"page","link":"https:\/\/www.dmv.rs\/sr\/o-nama\/","title":{"rendered":"O nama"},"content":{"rendered":"\n<section class=\"relative flex items-end py-12.5 min-h-60 md:min-h-106 pages-banner-gradient\">\n            <img fetchpriority=\"high\" decoding=\"async\" src=\"https:\/\/www.dmv.rs\/wp-content\/uploads\/2026\/02\/Rectangle-1-11-6.avif\" srcset=\"https:\/\/www.dmv.rs\/wp-content\/uploads\/2026\/02\/Rectangle-1-11-6-150x150.avif 150w, https:\/\/www.dmv.rs\/wp-content\/uploads\/2026\/02\/Rectangle-1-11-6.avif 300w, https:\/\/www.dmv.rs\/wp-content\/uploads\/2026\/02\/Rectangle-1-11-6-300x88.avif 480w, https:\/\/www.dmv.rs\/wp-content\/uploads\/2026\/02\/Rectangle-1-11-6-1024x300.avif 720w, https:\/\/www.dmv.rs\/wp-content\/uploads\/2026\/02\/Rectangle-1-11-6.avif 1080w, https:\/\/www.dmv.rs\/wp-content\/uploads\/2026\/02\/Rectangle-1-11-6.avif 1600w\" sizes=\"(max-width: 1600px) 100vw\" class=\"absolute top-0 left-0 w-full h-full object-cover\" alt=\"\" width=\"1442\" height=\"422\" loading=\"eager\">\n    <div class=\"z-2 relative container\">\n                    <h1 class=\"text-white manrope-50-400 | js-observe fade-in-up\">\n                O nama            <\/h1>\n            <\/div>\n<\/section>\n\n\n<section class=\"relative pb-10 md:pb-14 xl:pb-25  \">\n                <div class=\"relative mb-6 pt-10 container\">\n            <div id=\"crumbs\" class=\"flex flex-wrap items-center gap-1.5 text-black\/40 [&#038;_.current]:text-black breadcrumbs\"><\/div>        <\/div>\n        <div class=\"relative content-image-container\">\n        <div class=\"flex lg:flex-row flex-col justify-between items-start lg:items-center gap-10 | js-observe fade-in-up\">\n            <div class=\"w-full  lg:max-w-118\">\n                                    <p class=\"mb-0.5 text-red uppercase manrope-18-400\">\n                        Istorija                    <\/p>\n                                                    <div class=\"[&#038;_h2]:mb-2 content-format\">\n                        <h2 class=\"manrope-40-500\">Ko smo mi?<\/h2>\n<p><span style=\"font-weight: 400;\">Osnovani smo 1991. godine sa idejom da razvijamo i proizvodimo profesionalnu elektroniku koja \u0107e se koristiti za infromisanje i pove\u0107anhje bezbednosti u saobra\u0107aju. Vi\u0161edecenijsko iskustvo i primena najvi\u0161ih standarda proizvodnje u oblasti izmenljive saobra\u0107ajne signalizacije i ITS opreme su nas doveli do pozicije regionalnog lidera i do zna\u010dajnog prisustva na globalnom tr\u017ei\u0161tu.\u00a0<\/span><\/p>\n<p>&nbsp;<\/p>\n                    <\/div>\n                            <\/div>\n                            <div class=\"w-full overflow-hidden lg:max-w-187.5 rounded-[0.625rem] lg:rounded-tr-none lg:rounded-br-none\">\n                            <img decoding=\"async\" src=\"https:\/\/www.dmv.rs\/wp-content\/uploads\/2026\/02\/Group-15.avif\" srcset=\"https:\/\/www.dmv.rs\/wp-content\/uploads\/2026\/02\/Group-15-150x150.avif 150w, https:\/\/www.dmv.rs\/wp-content\/uploads\/2026\/02\/Group-15.avif 300w, https:\/\/www.dmv.rs\/wp-content\/uploads\/2026\/02\/Group-15-300x194.avif 480w, https:\/\/www.dmv.rs\/wp-content\/uploads\/2026\/02\/Group-15.avif 720w, https:\/\/www.dmv.rs\/wp-content\/uploads\/2026\/02\/Group-15.avif 1080w, https:\/\/www.dmv.rs\/wp-content\/uploads\/2026\/02\/Group-15.avif 1600w\" sizes=\"(max-width: 1600px) 100vw\" class=\"w-full h-auto \" alt=\"\" width=\"750\" height=\"486\" loading=\"eager\">\n                <\/div>\n                    <\/div>\n    <\/div>\n<\/section>\n\n\n<section class=\"relative py-10 md:py-15 md:min-h-161\">\n            <div class=\"top-0 left-0 absolute w-full h-full overflow-icons-gradient\">\n                    <img decoding=\"async\" src=\"https:\/\/www.dmv.rs\/wp-content\/uploads\/2026\/02\/Rectangle-30-e1776411300259.avif\" srcset=\"https:\/\/www.dmv.rs\/wp-content\/uploads\/2026\/02\/Rectangle-30-e1776411300259-150x150.avif 150w, https:\/\/www.dmv.rs\/wp-content\/uploads\/2026\/02\/Rectangle-30-e1776411300259.avif 300w, https:\/\/www.dmv.rs\/wp-content\/uploads\/2026\/02\/Rectangle-30-e1776411300259-300x158.avif 480w, https:\/\/www.dmv.rs\/wp-content\/uploads\/2026\/02\/Rectangle-30-e1776411300259-1024x539.avif 720w, https:\/\/www.dmv.rs\/wp-content\/uploads\/2026\/02\/Rectangle-30-e1776411300259.avif 1080w, https:\/\/www.dmv.rs\/wp-content\/uploads\/2026\/02\/Rectangle-30-e1776411300259.avif 1600w\" sizes=\"(max-width: 1600px) 100vw\" class=\"w-full h-full object-cover\" alt=\"\" width=\"1173\" height=\"618\" loading=\"eager\">\n        <\/div>\n        <div class=\"relative container\">\n        <div class=\"mx-auto max-w-235 text-center | js-observe fade-in-up\">\n                                        <div class=\"[&#038;_p]:mx-auto [&#038;_h2]:mb-1 [&#038;_p]:max-w-180 text-white\">\n                    <h2 class=\"manrope-40-500\">Tradicija<\/h2>\n<p><span style=\"font-weight: 400;\">Sa tradicijom dugom vi\u0161e od trideset pet godina kontinuirano radimo na razvoju novih proizvoda i softverskih re\u0161enja i unapredjenu procesa proizvodnje i odr\u017eavanja ITS opreme. Na\u0161e prisustvo u preko 90 zemalja \u0161irom sveta rezultat je uspe\u0161ne saradnje sa globalnom mre\u017eom partnera i posve\u0107enosti na\u0161eg tima stru\u010dnjaka.<\/span><\/p>\n<p>&nbsp;<\/p>\n                <\/div>\n                    <\/div>\n    <\/div>\n            <div class=\"md:bottom-5 md:left-1\/2 md:absolute relative mt-20 md:mt-0 px-5 w-full max-w-237 md:-translate-x-1\/2 md:translate-y-1\/2 | js-observe fade-in\">\n            <div class=\"bg-beige-50 p-4 md:p-6 border border-beige-100 border-solid rounded-[0.625rem]\">\n                <div class=\"mx-auto max-w-206 text-center\">\n                    <p><span style=\"font-weight: 400;\">Na\u0161a snaga le\u017ei i u zaokru\u017eenom procesu \u2013 od idejnog re\u0161enja i projektovanja, do finalne proizvodnje softvera i hardvera. Sa hiljadama instaliranih ure\u0111aja na globalnom tr\u017ei\u0161tu, DMV postavlja standarde u pouzdanosti i kvalitetu koji traju. <\/span><\/p>\n<p>&nbsp;<\/p>\n                <\/div>\n            <\/div>\n        <\/div>\n        \n<\/section>\n\n\n<section class=\"relative pb-14 md:pb-20 xl:pb-35 pt-14 md:pt-20 xl:pt-35 \">\n            <div class=\"relative container\">\n        <div class=\"flex lg:flex-row flex-col justify-between items-start lg:items-center gap-10 | js-observe fade-in-up\">\n            <div class=\"w-full  lg:max-w-113\">\n                                    <p class=\"mb-0.5 text-red uppercase manrope-18-400\">\n                        Istorija                    <\/p>\n                                                    <div class=\"[&#038;_h2]:mb-2 content-format\">\n                        <h2 class=\"manrope-40-500\">Sertifikati<\/h2>\n<p><span style=\"font-weight: 400;\">Kompanija je uvela ISO9001 standard kvaliteta kao i evropski standard EN12966 za izmenljivu saobra\u0107ajnu signalizaciju. Pored ovoga uveli smo i standarde ISO 14001, standard ISO27001 i standard ISO 45001.<\/span><\/p>\n<p>&nbsp;<\/p>\n                    <\/div>\n                            <\/div>\n                            <div class=\"w-full overflow-hidden max-w-116 rounded-[0.625rem]\">\n                            <img decoding=\"async\" src=\"https:\/\/www.dmv.rs\/wp-content\/uploads\/2026\/02\/Rectangle-1-11-scaled.avif\" srcset=\"https:\/\/www.dmv.rs\/wp-content\/uploads\/2026\/02\/Rectangle-1-11-150x150.avif 150w, https:\/\/www.dmv.rs\/wp-content\/uploads\/2026\/02\/Rectangle-1-11-scaled.avif 300w, https:\/\/www.dmv.rs\/wp-content\/uploads\/2026\/02\/Rectangle-1-11-300x192.avif 480w, https:\/\/www.dmv.rs\/wp-content\/uploads\/2026\/02\/Rectangle-1-11-1024x656.avif 720w, https:\/\/www.dmv.rs\/wp-content\/uploads\/2026\/02\/Rectangle-1-11-scaled.avif 1080w, https:\/\/www.dmv.rs\/wp-content\/uploads\/2026\/02\/Rectangle-1-11-scaled.avif 1600w\" sizes=\"(max-width: 1600px) 100vw\" class=\"w-full h-auto \" alt=\"\" width=\"2560\" height=\"1640\" loading=\"eager\">\n                <\/div>\n                    <\/div>\n    <\/div>\n<\/section>\n\n","protected":false},"excerpt":{"rendered":"","protected":false},"author":1,"featured_media":0,"parent":0,"menu_order":0,"comment_status":"closed","ping_status":"closed","template":"","meta":{"_acf_changed":false,"footnotes":""},"class_list":["post-107","page","type-page","status-publish","hentry"],"acf":[],"_links":{"self":[{"href":"https:\/\/www.dmv.rs\/sr\/wp-json\/wp\/v2\/pages\/107","targetHints":{"allow":["GET"]}}],"collection":[{"href":"https:\/\/www.dmv.rs\/sr\/wp-json\/wp\/v2\/pages"}],"about":[{"href":"https:\/\/www.dmv.rs\/sr\/wp-json\/wp\/v2\/types\/page"}],"author":[{"embeddable":true,"href":"https:\/\/www.dmv.rs\/sr\/wp-json\/wp\/v2\/users\/1"}],"replies":[{"embeddable":true,"href":"https:\/\/www.dmv.rs\/sr\/wp-json\/wp\/v2\/comments?post=107"}],"version-history":[{"count":12,"href":"https:\/\/www.dmv.rs\/sr\/wp-json\/wp\/v2\/pages\/107\/revisions"}],"predecessor-version":[{"id":1873,"href":"https:\/\/www.dmv.rs\/sr\/wp-json\/wp\/v2\/pages\/107\/revisions\/1873"}],"wp:attachment":[{"href":"https:\/\/www.dmv.rs\/sr\/wp-json\/wp\/v2\/media?parent=107"}],"curies":[{"name":"wp","href":"https:\/\/api.w.org\/{rel}","templated":true}]}}