{"id":140,"date":"2026-02-09T11:51:28","date_gmt":"2026-02-09T11:51:28","guid":{"rendered":"https:\/\/www.dmv.rs\/?page_id=140"},"modified":"2026-03-04T11:05:17","modified_gmt":"2026-03-04T11:05:17","slug":"kontakt","status":"publish","type":"page","link":"https:\/\/www.dmv.rs\/sr\/kontakt\/","title":{"rendered":"Kontakt"},"content":{"rendered":"\n<section class=\"relative pt-10 md:pt-60 pb-15 md:pb-40\">\n            <img fetchpriority=\"high\" decoding=\"async\" src=\"https:\/\/www.dmv.rs\/wp-content\/uploads\/2026\/02\/Frame-5.avif\" srcset=\"https:\/\/www.dmv.rs\/wp-content\/uploads\/2026\/02\/Frame-5-150x150.avif 150w, https:\/\/www.dmv.rs\/wp-content\/uploads\/2026\/02\/Frame-5.avif 300w, https:\/\/www.dmv.rs\/wp-content\/uploads\/2026\/02\/Frame-5-300x197.avif 480w, https:\/\/www.dmv.rs\/wp-content\/uploads\/2026\/02\/Frame-5.avif 720w, https:\/\/www.dmv.rs\/wp-content\/uploads\/2026\/02\/Frame-5.avif 1080w, https:\/\/www.dmv.rs\/wp-content\/uploads\/2026\/02\/Frame-5.avif 1600w\" sizes=\"(max-width: 1600px) 100vw\" class=\"absolute bottom-0 left-0 max-w-105 w-full h-auto\" alt=\"\" width=\"607\" height=\"398\" loading=\"eager\">\n    <div class=\"relative container\">\n        <div class=\"flex md:flex-row flex-col justify-between items-start gap-10 | js-observe | fade-in-up\">\n                            <div class=\"w-full md:max-w-106\">\n                    <h2 class=\"manrope-40-500\">Kontaktirajte nas<\/h2>\n<p>Po\u0161aljite nam poruku i odgovori\u0107emo vam u najkra\u0107em roku.<\/p>\n                                            <div class=\"flex items-center gap-6 mt-8\">\n                                                                                                                                <a href=\" https:\/\/www.linkedin.com\/company\/dmv-industrijski-kontrolni-sistemi\/\" target=\"_blank\" class=\"block\">\n                                                <img decoding=\"async\" src=\"https:\/\/www.dmv.rs\/wp-content\/uploads\/2026\/02\/Group-1.svg\" srcset=\"https:\/\/www.dmv.rs\/wp-content\/uploads\/2026\/02\/Group-1.svg 150w, https:\/\/www.dmv.rs\/wp-content\/uploads\/2026\/02\/Group-1.svg 300w, https:\/\/www.dmv.rs\/wp-content\/uploads\/2026\/02\/Group-1.svg 480w, https:\/\/www.dmv.rs\/wp-content\/uploads\/2026\/02\/Group-1.svg 720w, https:\/\/www.dmv.rs\/wp-content\/uploads\/2026\/02\/Group-1.svg 1080w, https:\/\/www.dmv.rs\/wp-content\/uploads\/2026\/02\/Group-1.svg 1600w\" sizes=\"(max-width: 1600px) 100vw\" class=\"w-6 h-auto\" alt=\"\" width=\"auto\" height=\"auto\" loading=\"eager\">\n                                    <\/a>\n                                                                                                                                                                <a href=\"https:\/\/www.facebook.com\/people\/DMV-Industrijski-kontrolni-sistemi\/100063777322759\/#\" target=\"_blank\" class=\"block\" rel=\"noopener\">\n                                                <img decoding=\"async\" src=\"https:\/\/www.dmv.rs\/wp-content\/uploads\/2026\/02\/Frame-37.svg\" srcset=\"https:\/\/www.dmv.rs\/wp-content\/uploads\/2026\/02\/Frame-37.svg 150w, https:\/\/www.dmv.rs\/wp-content\/uploads\/2026\/02\/Frame-37.svg 300w, https:\/\/www.dmv.rs\/wp-content\/uploads\/2026\/02\/Frame-37.svg 480w, https:\/\/www.dmv.rs\/wp-content\/uploads\/2026\/02\/Frame-37.svg 720w, https:\/\/www.dmv.rs\/wp-content\/uploads\/2026\/02\/Frame-37.svg 1080w, https:\/\/www.dmv.rs\/wp-content\/uploads\/2026\/02\/Frame-37.svg 1600w\" sizes=\"(max-width: 1600px) 100vw\" class=\"w-6 h-auto\" alt=\"\" width=\"auto\" height=\"auto\" loading=\"eager\">\n                                    <\/a>\n                                                                                                                                                                <a href=\"https:\/\/www.instagram.com\/dmv_nis\/\" target=\"_blank\" class=\"block\" rel=\"noopener\">\n                                                <img decoding=\"async\" src=\"https:\/\/www.dmv.rs\/wp-content\/uploads\/2026\/02\/Frame-38.svg\" srcset=\"https:\/\/www.dmv.rs\/wp-content\/uploads\/2026\/02\/Frame-38.svg 150w, https:\/\/www.dmv.rs\/wp-content\/uploads\/2026\/02\/Frame-38.svg 300w, https:\/\/www.dmv.rs\/wp-content\/uploads\/2026\/02\/Frame-38.svg 480w, https:\/\/www.dmv.rs\/wp-content\/uploads\/2026\/02\/Frame-38.svg 720w, https:\/\/www.dmv.rs\/wp-content\/uploads\/2026\/02\/Frame-38.svg 1080w, https:\/\/www.dmv.rs\/wp-content\/uploads\/2026\/02\/Frame-38.svg 1600w\" sizes=\"(max-width: 1600px) 100vw\" class=\"w-6 h-auto\" alt=\"\" width=\"auto\" height=\"auto\" loading=\"eager\">\n                                    <\/a>\n                                                                                                                                                                <a href=\"https:\/\/www.youtube.com\/@DMV-iks\" target=\"_blank\" class=\"block\" rel=\"noopener\">\n                                                <img decoding=\"async\" src=\"https:\/\/www.dmv.rs\/wp-content\/uploads\/2026\/03\/youtube.svg\" srcset=\"https:\/\/www.dmv.rs\/wp-content\/uploads\/2026\/03\/youtube.svg 150w, https:\/\/www.dmv.rs\/wp-content\/uploads\/2026\/03\/youtube.svg 300w, https:\/\/www.dmv.rs\/wp-content\/uploads\/2026\/03\/youtube.svg 480w, https:\/\/www.dmv.rs\/wp-content\/uploads\/2026\/03\/youtube.svg 720w, https:\/\/www.dmv.rs\/wp-content\/uploads\/2026\/03\/youtube.svg 1080w, https:\/\/www.dmv.rs\/wp-content\/uploads\/2026\/03\/youtube.svg 1600w\" sizes=\"(max-width: 1600px) 100vw\" class=\"w-6 h-auto\" alt=\"\" width=\"auto\" height=\"auto\" loading=\"eager\">\n                                    <\/a>\n                                                                                    <\/div>\n\n                    \n                <\/div>\n                                        <div class=\"w-full md:max-w-136 contact-form\">\n                    \n<div class=\"wpcf7 no-js\" id=\"wpcf7-f74-o1\" lang=\"sr-RS\" dir=\"ltr\" data-wpcf7-id=\"74\">\n<div class=\"screen-reader-response\"><p role=\"status\" aria-live=\"polite\" aria-atomic=\"true\"><\/p> <ul><\/ul><\/div>\n<form action=\"\/sr\/wp-json\/wp\/v2\/pages\/140#wpcf7-f74-o1\" method=\"post\" class=\"wpcf7-form init\" aria-label=\"Contact form\" novalidate=\"novalidate\" data-status=\"init\">\n<fieldset class=\"hidden-fields-container\"><input type=\"hidden\" name=\"_wpcf7\" value=\"74\" \/><input type=\"hidden\" name=\"_wpcf7_version\" value=\"6.1.5\" \/><input type=\"hidden\" name=\"_wpcf7_locale\" value=\"sr_RS\" \/><input type=\"hidden\" name=\"_wpcf7_unit_tag\" value=\"wpcf7-f74-o1\" \/><input type=\"hidden\" name=\"_wpcf7_container_post\" value=\"0\" \/><input type=\"hidden\" name=\"_wpcf7_posted_data_hash\" value=\"\" \/><input type=\"hidden\" name=\"_wpcf7_recaptcha_response\" value=\"\" \/>\n<\/fieldset>\n<label class=\"w-half\"> Ime i prezime *\n    <span class=\"wpcf7-form-control-wrap\" data-name=\"your-name\"><input size=\"40\" maxlength=\"400\" class=\"wpcf7-form-control wpcf7-text wpcf7-validates-as-required\" autocomplete=\"name\" aria-required=\"true\" aria-invalid=\"false\" value=\"\" type=\"text\" name=\"your-name\" \/><\/span> <\/label>\n\n<label class=\"w-half\"> E-mail adresa *\n    <span class=\"wpcf7-form-control-wrap\" data-name=\"your-email\"><input size=\"40\" maxlength=\"400\" class=\"wpcf7-form-control wpcf7-email wpcf7-validates-as-required wpcf7-text wpcf7-validates-as-email\" autocomplete=\"email\" aria-required=\"true\" aria-invalid=\"false\" value=\"\" type=\"email\" name=\"your-email\" \/><\/span> <\/label>\n\n<label> Poruka *\n    <span class=\"wpcf7-form-control-wrap\" data-name=\"your-message\"><textarea cols=\"40\" rows=\"10\" maxlength=\"2000\" class=\"wpcf7-form-control wpcf7-textarea\" aria-invalid=\"false\" name=\"your-message\"><\/textarea><\/span> <\/label>\n\n<input class=\"wpcf7-form-control wpcf7-submit has-spinner btn\" type=\"submit\" value=\"Po\u0161alji\" \/><div class=\"wpcf7-response-output\" aria-hidden=\"true\"><\/div>\n<\/form>\n<\/div>\n                <\/div>\n                    <\/div>\n    <\/div>\n\n<\/section>\n    <section class=\"-mt-15 md:-mt-22 | js-observe | fade-in-up\">\n        <div class=\"container\">\n                            <h2 class=\"mb-4 md:mb-7 w-full text-center manrope-40-500\">\n                    Prona\u0111ite nas                <\/h2>\n                    <\/div>\n                <img decoding=\"async\" src=\"https:\/\/www.dmv.rs\/wp-content\/uploads\/2026\/02\/Rectangle-76.avif\" srcset=\"https:\/\/www.dmv.rs\/wp-content\/uploads\/2026\/02\/Rectangle-76-150x150.avif 150w, https:\/\/www.dmv.rs\/wp-content\/uploads\/2026\/02\/Rectangle-76.avif 300w, https:\/\/www.dmv.rs\/wp-content\/uploads\/2026\/02\/Rectangle-76-300x103.avif 480w, https:\/\/www.dmv.rs\/wp-content\/uploads\/2026\/02\/Rectangle-76-1024x352.avif 720w, https:\/\/www.dmv.rs\/wp-content\/uploads\/2026\/02\/Rectangle-76.avif 1080w, https:\/\/www.dmv.rs\/wp-content\/uploads\/2026\/02\/Rectangle-76.avif 1600w\" sizes=\"(max-width: 1600px) 100vw\" class=\"w-full h-auto\" alt=\"\" width=\"1442\" height=\"495\" loading=\"eager\">\n    <\/section>\n","protected":false},"excerpt":{"rendered":"","protected":false},"author":1,"featured_media":0,"parent":0,"menu_order":0,"comment_status":"closed","ping_status":"closed","template":"","meta":{"_acf_changed":false,"footnotes":""},"class_list":["post-140","page","type-page","status-publish","hentry"],"acf":[],"_links":{"self":[{"href":"https:\/\/www.dmv.rs\/sr\/wp-json\/wp\/v2\/pages\/140","targetHints":{"allow":["GET"]}}],"collection":[{"href":"https:\/\/www.dmv.rs\/sr\/wp-json\/wp\/v2\/pages"}],"about":[{"href":"https:\/\/www.dmv.rs\/sr\/wp-json\/wp\/v2\/types\/page"}],"author":[{"embeddable":true,"href":"https:\/\/www.dmv.rs\/sr\/wp-json\/wp\/v2\/users\/1"}],"replies":[{"embeddable":true,"href":"https:\/\/www.dmv.rs\/sr\/wp-json\/wp\/v2\/comments?post=140"}],"version-history":[{"count":7,"href":"https:\/\/www.dmv.rs\/sr\/wp-json\/wp\/v2\/pages\/140\/revisions"}],"predecessor-version":[{"id":1208,"href":"https:\/\/www.dmv.rs\/sr\/wp-json\/wp\/v2\/pages\/140\/revisions\/1208"}],"wp:attachment":[{"href":"https:\/\/www.dmv.rs\/sr\/wp-json\/wp\/v2\/media?parent=140"}],"curies":[{"name":"wp","href":"https:\/\/api.w.org\/{rel}","templated":true}]}}