{"id":188,"date":"2026-02-09T12:46:16","date_gmt":"2026-02-09T12:46:16","guid":{"rendered":"https:\/\/www.dmv.rs\/?page_id=188"},"modified":"2026-03-27T14:02:24","modified_gmt":"2026-03-27T14:02:24","slug":"karijera","status":"publish","type":"page","link":"https:\/\/www.dmv.rs\/sr\/karijera\/","title":{"rendered":"Karijera"},"content":{"rendered":"\n<section class=\"relative flex items-end py-12.5 min-h-60 md:min-h-106 pages-banner-gradient\">\n            <img fetchpriority=\"high\" decoding=\"async\" src=\"https:\/\/www.dmv.rs\/wp-content\/uploads\/2026\/02\/Rectangle-1-11-2-1.avif\" srcset=\"https:\/\/www.dmv.rs\/wp-content\/uploads\/2026\/02\/Rectangle-1-11-2-1-150x150.avif 150w, https:\/\/www.dmv.rs\/wp-content\/uploads\/2026\/02\/Rectangle-1-11-2-1.avif 300w, https:\/\/www.dmv.rs\/wp-content\/uploads\/2026\/02\/Rectangle-1-11-2-1-300x91.avif 480w, https:\/\/www.dmv.rs\/wp-content\/uploads\/2026\/02\/Rectangle-1-11-2-1-1024x311.avif 720w, https:\/\/www.dmv.rs\/wp-content\/uploads\/2026\/02\/Rectangle-1-11-2-1.avif 1080w, https:\/\/www.dmv.rs\/wp-content\/uploads\/2026\/02\/Rectangle-1-11-2-1.avif 1600w\" sizes=\"(max-width: 1600px) 100vw\" class=\"absolute top-0 left-0 w-full h-full object-cover\" alt=\"\" width=\"1442\" height=\"438\" loading=\"eager\">\n    <div class=\"z-2 relative container\">\n                    <h1 class=\"text-white manrope-50-400 | js-observe fade-in-up\">\n                Karijera            <\/h1>\n            <\/div>\n<\/section>\n\n\n<section class=\"pb-13 md:pb-31 overflow-hidden realtive\">\n            <img decoding=\"async\" src=\"https:\/\/www.dmv.rs\/wp-content\/uploads\/2026\/02\/Frame-6.avif\" srcset=\"https:\/\/www.dmv.rs\/wp-content\/uploads\/2026\/02\/Frame-6-150x150.avif 150w, https:\/\/www.dmv.rs\/wp-content\/uploads\/2026\/02\/Frame-6.avif 300w, https:\/\/www.dmv.rs\/wp-content\/uploads\/2026\/02\/Frame-6-227x300.avif 480w, https:\/\/www.dmv.rs\/wp-content\/uploads\/2026\/02\/Frame-6.avif 720w, https:\/\/www.dmv.rs\/wp-content\/uploads\/2026\/02\/Frame-6.avif 1080w, https:\/\/www.dmv.rs\/wp-content\/uploads\/2026\/02\/Frame-6.avif 1600w\" sizes=\"(max-width: 1600px) 100vw\" class=\"absolute bottom-0 right-0 max-w-140 w-full\" alt=\"\" width=\"561\" height=\"741\" loading=\"eager\">\n    <div class=\"relative container\">\n        <div class=\"mt-6.5 mb-11\">\n            <div id=\"crumbs\" class=\"flex flex-wrap items-center gap-1.5 text-black\/40 [&#038;_.current]:text-black breadcrumbs\"><\/div>        <\/div>\n                    <div class=\"mx-auto mb-12 [&#038;_h2]:mb-4 [&#038;_p]:not-last:mb-4 md:mb-24 max-w-189 text-center [&#038;_a]:underline | js-observe fade-in-up\">\n                <h2 class=\"manrope-40-400\" style=\"text-align: center;\"><b>Tvoja slede\u0107a velika prilika po\u010dinje ovde.<\/b><\/h2>\n<p><span style=\"font-weight: 400;\">Na\u0161 put u svetu proizvodnje LED sistema i ITS opreme po\u010deo je pre 35 godina. Od male proizvodnje do globalno prepoznatljivog imena. DMV je rastao zahvaljuju\u0107i jasnoj viziji i istrajnosti. Danas, na\u0161a re\u0161enja reguli\u0161u saobra\u0107aj i prenose informacije na putevima \u0161irom sveta, a taj uspeh dugujemo na\u0161im zaposlenima.<\/span><\/p>\n<p><span style=\"font-weight: 400;\">U svetu tehnologije, konstantno \u0161irenje na nova tr\u017ei\u0161ta i prilago\u0111avanje najnovijim industrijskim standardima predstavljaju na\u0161u prirodnu dinamiku rada. Kod nas ne postoje dva ista dana \u2013 svaki projekat donosi nove poslovne izazove koji zahtevaju kreativno razmi\u0161ljanje.<\/span><\/p>\n<p><span style=\"font-weight: 400;\">Kompanija vredi onoliko koliko vrede ljudi u njoj. <\/span><\/p>\n<p><span style=\"font-weight: 400;\">Zato DMV tra\u017ei saradnike koji \u017eele da rastu zajedno.<\/span><\/p>\n            <\/div>\n                <div>\n                            <h2 class=\"mb-7 manrope-40-500 | js-observe fade-in-up\">\n                    Otvorene pozicije                <\/h2>\n                                        <p class=\"manrope-20-400 | js-observe fade-in-up\">\n                    \u017dao nam je, trenutno nema otvorenih pozicija                <\/p>\n                    <\/div>\n    <\/div>\n<\/section>","protected":false},"excerpt":{"rendered":"","protected":false},"author":1,"featured_media":0,"parent":0,"menu_order":0,"comment_status":"closed","ping_status":"closed","template":"","meta":{"_acf_changed":false,"footnotes":""},"class_list":["post-188","page","type-page","status-publish","hentry"],"acf":[],"_links":{"self":[{"href":"https:\/\/www.dmv.rs\/sr\/wp-json\/wp\/v2\/pages\/188","targetHints":{"allow":["GET"]}}],"collection":[{"href":"https:\/\/www.dmv.rs\/sr\/wp-json\/wp\/v2\/pages"}],"about":[{"href":"https:\/\/www.dmv.rs\/sr\/wp-json\/wp\/v2\/types\/page"}],"author":[{"embeddable":true,"href":"https:\/\/www.dmv.rs\/sr\/wp-json\/wp\/v2\/users\/1"}],"replies":[{"embeddable":true,"href":"https:\/\/www.dmv.rs\/sr\/wp-json\/wp\/v2\/comments?post=188"}],"version-history":[{"count":11,"href":"https:\/\/www.dmv.rs\/sr\/wp-json\/wp\/v2\/pages\/188\/revisions"}],"predecessor-version":[{"id":1750,"href":"https:\/\/www.dmv.rs\/sr\/wp-json\/wp\/v2\/pages\/188\/revisions\/1750"}],"wp:attachment":[{"href":"https:\/\/www.dmv.rs\/sr\/wp-json\/wp\/v2\/media?parent=188"}],"curies":[{"name":"wp","href":"https:\/\/api.w.org\/{rel}","templated":true}]}}